{"id":16,"date":"2020-06-29T08:33:40","date_gmt":"2020-06-29T08:33:40","guid":{"rendered":"http:\/\/sw-themes.com\/porto_dummy\/?page_id=16"},"modified":"2022-08-05T17:13:11","modified_gmt":"2022-08-05T17:13:11","slug":"demo","status":"publish","type":"page","link":"https:\/\/www.ludotecaemp.com\/index.php\/demo\/","title":{"rendered":"\u00a1Quiero un Demo!"},"content":{"rendered":"<p>[vc_row wrap_container=&#8221;yes&#8221; el_class=&#8221;mt-3 mt-xl-0 pt-4&#8243;][vc_column][vc_custom_heading text=&#8221;Por favor llena la siguiente solicitud y a la brevedad te haremos llegar v\u00eda correo tu usuario y contrase\u00f1a para probar el juego de tu elecci\u00f3n por 30 d\u00edas.&#8221; font_container=&#8221;tag:p|font_size:16px|text_align:center|line_height:26px&#8221; use_theme_fonts=&#8221;yes&#8221; letter_spacing=&#8221;0&#8243; animation_delay=&#8221;800&#8243; css=&#8221;.vc_custom_1659716480304{margin-bottom: 20px !important;}&#8221; animation_type=&#8221;fadeInLeft&#8221;][\/vc_column][\/vc_row][vc_row animation_delay=&#8221;200&#8243; el_class=&#8221;custom-svg-wrapper-4 pb-5 pt-4&#8243; animation_type=&#8221;fadeInLeft&#8221;][vc_column text_align=&#8221;center&#8221; el_class=&#8221;pl-lg-5&#8243;][vc_custom_heading text=&#8221;Env\u00edanos tus datos&#8221; font_container=&#8221;tag:h4|font_size:40px|text_align:center|line_height:1&#8243; use_theme_fonts=&#8221;yes&#8221; font_weight=&#8221;700&#8243; skin=&#8221;dark&#8221; letter_spacing=&#8221;-0.05em&#8221; el_class=&#8221;pt-4 mt-5 mb-5 zigzag center&#8221;]<div role=\"form\" class=\"wpcf7\" id=\"wpcf7-f897-o1\" lang=\"en-US\" dir=\"ltr\">\n<div class=\"screen-reader-response\"><p role=\"status\" aria-live=\"polite\" aria-atomic=\"true\"><\/p> <ul><\/ul><\/div>\n<form action=\"\/index.php\/wp-json\/wp\/v2\/pages\/16#wpcf7-f897-o1\" method=\"post\" class=\"wpcf7-form init\" novalidate=\"novalidate\" data-status=\"init\">\n<div style=\"display: none;\">\n<input type=\"hidden\" name=\"_wpcf7\" value=\"897\" \/>\n<input type=\"hidden\" name=\"_wpcf7_version\" value=\"5.4.2\" \/>\n<input type=\"hidden\" name=\"_wpcf7_locale\" value=\"en_US\" \/>\n<input type=\"hidden\" name=\"_wpcf7_unit_tag\" value=\"wpcf7-f897-o1\" \/>\n<input type=\"hidden\" name=\"_wpcf7_container_post\" value=\"0\" \/>\n<input type=\"hidden\" name=\"_wpcf7_posted_data_hash\" value=\"\" \/>\n<\/div>\n<label> Nombre\n    <span class=\"wpcf7-form-control-wrap your-name\"><input type=\"text\" name=\"your-name\" value=\"\" size=\"40\" class=\"wpcf7-form-control wpcf7-text wpcf7-validates-as-required\" id=\"your-name\" aria-required=\"true\" aria-invalid=\"false\" \/><\/span> <\/label>\n\n<label> Tel\u00e9fono\n<span class=\"wpcf7-form-control-wrap telefono\"><input type=\"tel\" name=\"telefono\" value=\"\" size=\"40\" class=\"wpcf7-form-control wpcf7-text wpcf7-tel wpcf7-validates-as-required wpcf7-validates-as-tel\" id=\"telefono\" aria-required=\"true\" aria-invalid=\"false\" \/><\/span><\/label>\n\n<label> Correo electr\u00f3nico\n    <span class=\"wpcf7-form-control-wrap your-email\"><input type=\"email\" name=\"your-email\" value=\"\" size=\"40\" class=\"wpcf7-form-control wpcf7-text wpcf7-email wpcf7-validates-as-required wpcf7-validates-as-email\" id=\"your-email\" aria-required=\"true\" aria-invalid=\"false\" \/><\/span> <\/label>\n\n<label> Empresa\n<span class=\"wpcf7-form-control-wrap empresa\"><input type=\"text\" name=\"empresa\" value=\"\" size=\"40\" class=\"wpcf7-form-control wpcf7-text wpcf7-validates-as-required\" id=\"empresa\" aria-required=\"true\" aria-invalid=\"false\" \/><\/span><\/label>\n\n<label> Puesto\n<span class=\"wpcf7-form-control-wrap puesto\"><input type=\"text\" name=\"puesto\" value=\"\" size=\"40\" class=\"wpcf7-form-control wpcf7-text wpcf7-validates-as-required\" id=\"puesto\" aria-required=\"true\" aria-invalid=\"false\" \/><\/span><\/label>\n\n<label> Pa\u00eds\n<span class=\"wpcf7-form-control-wrap pais\"><input type=\"text\" name=\"pais\" value=\"\" size=\"40\" class=\"wpcf7-form-control wpcf7-text wpcf7-validates-as-required\" id=\"pais\" aria-required=\"true\" aria-invalid=\"false\" \/><\/span><\/label>\n\n<label> \u00bfQu\u00e9 juegos te interesan?\n<span class=\"wpcf7-form-control-wrap Juego\"><span class=\"wpcf7-form-control wpcf7-checkbox wpcf7-validates-as-required\" id=\"Juego\"><span class=\"wpcf7-list-item first\"><label><input type=\"checkbox\" name=\"Juego[]\" value=\"Everest\" \/><span class=\"wpcf7-list-item-label\">Everest<\/span><\/label><\/span><span class=\"wpcf7-list-item\"><label><input type=\"checkbox\" name=\"Juego[]\" value=\"EnRed Integra\" \/><span class=\"wpcf7-list-item-label\">EnRed Integra<\/span><\/label><\/span><span class=\"wpcf7-list-item\"><label><input type=\"checkbox\" name=\"Juego[]\" value=\"EnRed Networking\" \/><span class=\"wpcf7-list-item-label\">EnRed Networking<\/span><\/label><\/span><span class=\"wpcf7-list-item\"><label><input type=\"checkbox\" name=\"Juego[]\" value=\"Justo a Tiempo\" \/><span class=\"wpcf7-list-item-label\">Justo a Tiempo<\/span><\/label><\/span><span class=\"wpcf7-list-item last\"><label><input type=\"checkbox\" name=\"Juego[]\" value=\"Entorno Favorable\" \/><span class=\"wpcf7-list-item-label\">Entorno Favorable<\/span><\/label><\/span><\/span><\/span><label>\n\n<label> \u00bfEn que \u00e1rea profesional te desarrollas?\n<span class=\"wpcf7-form-control-wrap profesion\"><select name=\"profesion\" class=\"wpcf7-form-control wpcf7-select wpcf7-validates-as-required\" id=\"profesion\" aria-required=\"true\" aria-invalid=\"false\"><option value=\"Departamentos de RRHH\">Departamentos de RRHH<\/option><option value=\"Capacitaci\u00f3n\">Capacitaci\u00f3n<\/option><option value=\"Consultor\u00eda\">Consultor\u00eda<\/option><option value=\"Coaching\">Coaching<\/option><option value=\"Educaci\u00f3n superior\">Educaci\u00f3n superior<\/option><option value=\"Educaci\u00f3n b\u00e1sica o secundaria\">Educaci\u00f3n b\u00e1sica o secundaria<\/option><option value=\"Due\u00f1o\/a de negocio\">Due\u00f1o\/a de negocio<\/option><option value=\"Marketing y eventos\">Marketing y eventos<\/option><option value=\"Otro\">Otro<\/option><\/select><\/span><label>\n\n<input type=\"submit\" value=\"Enviar\" class=\"wpcf7-form-control wpcf7-submit\" \/><div class=\"wpcf7-response-output\" aria-hidden=\"true\"><\/div><\/form><\/div>[\/vc_column][\/vc_row][vc_row][vc_column][vc_zigzag color=&#8221;white&#8221;][vc_zigzag color=&#8221;white&#8221;][vc_zigzag color=&#8221;white&#8221;][\/vc_column][\/vc_row]<\/p>\n","protected":false},"excerpt":{"rendered":"<p>[vc_row wrap_container=&#8221;yes&#8221; el_class=&#8221;mt-3 mt-xl-0 pt-4&#8243;][vc_column][vc_custom_heading text=&#8221;Por favor llena la siguiente solicitud y a la brevedad te haremos llegar v\u00eda correo tu usuario y contrase\u00f1a para probar el juego de tu elecci\u00f3n por 30 d\u00edas.&#8221; font_container=&#8221;tag:p|font_size:16px|text_align:center|line_height:26px&#8221; use_theme_fonts=&#8221;yes&#8221; letter_spacing=&#8221;0&#8243; animation_delay=&#8221;800&#8243; css=&#8221;.vc_custom_1659716480304{margin-bottom: 20px !important;}&#8221; animation_type=&#8221;fadeInLeft&#8221;][\/vc_column][\/vc_row][vc_row animation_delay=&#8221;200&#8243; el_class=&#8221;custom-svg-wrapper-4 pb-5 pt-4&#8243; animation_type=&#8221;fadeInLeft&#8221;][vc_column text_align=&#8221;center&#8221; el_class=&#8221;pl-lg-5&#8243;][vc_custom_heading text=&#8221;Env\u00edanos tus datos&#8221; font_container=&#8221;tag:h4|font_size:40px|text_align:center|line_height:1&#8243; use_theme_fonts=&#8221;yes&#8221; font_weight=&#8221;700&#8243; [&hellip;]<\/p>\n","protected":false},"author":1,"featured_media":0,"parent":0,"menu_order":0,"comment_status":"closed","ping_status":"closed","template":"","meta":{"_et_pb_use_builder":"","_et_pb_old_content":"","_et_gb_content_width":""},"_links":{"self":[{"href":"https:\/\/www.ludotecaemp.com\/index.php\/wp-json\/wp\/v2\/pages\/16"}],"collection":[{"href":"https:\/\/www.ludotecaemp.com\/index.php\/wp-json\/wp\/v2\/pages"}],"about":[{"href":"https:\/\/www.ludotecaemp.com\/index.php\/wp-json\/wp\/v2\/types\/page"}],"author":[{"embeddable":true,"href":"https:\/\/www.ludotecaemp.com\/index.php\/wp-json\/wp\/v2\/users\/1"}],"replies":[{"embeddable":true,"href":"https:\/\/www.ludotecaemp.com\/index.php\/wp-json\/wp\/v2\/comments?post=16"}],"version-history":[{"count":22,"href":"https:\/\/www.ludotecaemp.com\/index.php\/wp-json\/wp\/v2\/pages\/16\/revisions"}],"predecessor-version":[{"id":1122,"href":"https:\/\/www.ludotecaemp.com\/index.php\/wp-json\/wp\/v2\/pages\/16\/revisions\/1122"}],"wp:attachment":[{"href":"https:\/\/www.ludotecaemp.com\/index.php\/wp-json\/wp\/v2\/media?parent=16"}],"curies":[{"name":"wp","href":"https:\/\/api.w.org\/{rel}","templated":true}]}}