{"id":1470,"date":"2022-11-03T01:08:23","date_gmt":"2022-11-02T19:08:23","guid":{"rendered":"https:\/\/ludotecaempresarial.com\/?page_id=1470"},"modified":"2022-11-03T01:12:50","modified_gmt":"2022-11-02T19:12:50","slug":"enrednetworking","status":"publish","type":"page","link":"https:\/\/www.ludotecaemp.com\/index.php\/enrednetworking\/","title":{"rendered":"En Red Networking"},"content":{"rendered":"<p>[vc_row][vc_column width=&#8221;1\/6&#8243;][\/vc_column][vc_column width=&#8221;2\/3&#8243;][vc_empty_space][vc_column_text]<b>\u00bfQu\u00e9 es EnRed Networking?<br \/>\n<\/b><span style=\"font-weight: 400;\">Es un juego de naipes. Previamente cada participante ha cargado una foto de perfil y seleccionado 4 cartas relacionadas con su negocio: Mi empresa, Mi cliente, Mi alianza y Mi perfil ideal; una de cada categor\u00eda. El objetivo es juntarlas antes que los dem\u00e1s. Las cartas se ir\u00e1n mostrando. Si un jugador la quiere y es su turno, podr\u00e1 tomarla, pero si no es su turno, deber\u00e1 contestar alguna pregunta.\u00a0 Existen cartas de solicitar cita o de hacer una presentaci\u00f3n de 30 segundos. Hay otras donde se perder\u00e1 un turno, cambiar\u00e1 el sentido del juego, o deber\u00e1 robar o depositar cartas en el mazo.<\/span><\/p>\n<p><b>\u00bfPara qu\u00e9 sirve?<br \/>\n<\/b><span style=\"font-weight: 400;\">Para hacer eventos de networking exitosos donde todos los participantes tendr\u00e1n oportunidad de mostrar sus productos y servicios en un ambiente l\u00fadico. La din\u00e1mica propicia el autoconocimiento de tu negocio, adem\u00e1s del desarrollo de habilidades de improvisaci\u00f3n y socializaci\u00f3n, imprescindibles en el \u00e1mbito empresarial.<\/span><\/p>\n<p><b>\u00bfPor qu\u00e9 funciona?<br \/>\n<\/b><span style=\"font-weight: 400;\">Porque desde que los jugadores eligen sus cartas comienzan a hacerse m\u00e1s conscientes de aspectos fundamentales de su empresa o negocio. El juego fomenta un ambiente cordial y muy divertido donde cada participante tiene la oportunidad de mostrarse, conocer a los dem\u00e1s y aumentar su red de negocios.<\/span><\/p>\n<p><span style=\"font-weight: 400;\"><strong>N\u00famero de jugadores:<\/strong> El cupo m\u00e1ximo es de 20 personas. Antes de la sesi\u00f3n cada jugador deber\u00e1 llenar un breve cuestionario donde elegir\u00e1 las cartas con las que desea participar.\u00a0 Al comenzar la reuni\u00f3n los datos estar\u00e1n cargados autom\u00e1ticamente.<\/span><\/p>\n<p><span style=\"font-weight: 400;\"><strong>Duraci\u00f3n:<\/strong> Cada din\u00e1mica tiene una duraci\u00f3n variable ya que depende del n\u00famero de jugadores, de la manera en que se lleve la sesi\u00f3n y de la suerte. Puede durar alrededor de 50 minutos, pero se puede acortar poniendo como meta la obtenci\u00f3n de \u00fanicamente 3 de las 4 cartas o ignorando las cartas de castigo.<\/span>[\/vc_column_text][\/vc_column][vc_column width=&#8221;1\/6&#8243;][\/vc_column][\/vc_row]<\/p>\n","protected":false},"excerpt":{"rendered":"<p>[vc_row][vc_column width=&#8221;1\/6&#8243;][\/vc_column][vc_column width=&#8221;2\/3&#8243;][vc_empty_space][vc_column_text]\u00bfQu\u00e9 es EnRed Networking? Es un juego de naipes. Previamente cada participante ha cargado una foto de perfil y seleccionado 4 cartas relacionadas con su negocio: Mi empresa, Mi cliente, Mi alianza y Mi perfil ideal; una de cada categor\u00eda. El objetivo es juntarlas antes que los dem\u00e1s. Las cartas se ir\u00e1n mostrando. [&hellip;]<\/p>\n","protected":false},"author":1,"featured_media":0,"parent":0,"menu_order":0,"comment_status":"closed","ping_status":"closed","template":"","meta":{"_et_pb_use_builder":"off","_et_pb_old_content":"","_et_gb_content_width":""},"_links":{"self":[{"href":"https:\/\/www.ludotecaemp.com\/index.php\/wp-json\/wp\/v2\/pages\/1470"}],"collection":[{"href":"https:\/\/www.ludotecaemp.com\/index.php\/wp-json\/wp\/v2\/pages"}],"about":[{"href":"https:\/\/www.ludotecaemp.com\/index.php\/wp-json\/wp\/v2\/types\/page"}],"author":[{"embeddable":true,"href":"https:\/\/www.ludotecaemp.com\/index.php\/wp-json\/wp\/v2\/users\/1"}],"replies":[{"embeddable":true,"href":"https:\/\/www.ludotecaemp.com\/index.php\/wp-json\/wp\/v2\/comments?post=1470"}],"version-history":[{"count":5,"href":"https:\/\/www.ludotecaemp.com\/index.php\/wp-json\/wp\/v2\/pages\/1470\/revisions"}],"predecessor-version":[{"id":1476,"href":"https:\/\/www.ludotecaemp.com\/index.php\/wp-json\/wp\/v2\/pages\/1470\/revisions\/1476"}],"wp:attachment":[{"href":"https:\/\/www.ludotecaemp.com\/index.php\/wp-json\/wp\/v2\/media?parent=1470"}],"curies":[{"name":"wp","href":"https:\/\/api.w.org\/{rel}","templated":true}]}}